{"id":224,"date":"2018-09-20T12:33:16","date_gmt":"2018-09-20T10:33:16","guid":{"rendered":"http:\/\/lesenfantsduvalcottey.fr\/?page_id=224"},"modified":"2024-06-12T10:27:02","modified_gmt":"2024-06-12T08:27:02","slug":"dossier-administratif","status":"publish","type":"page","link":"https:\/\/lesenfantsduvalcottey.fr\/index.php\/dossier-administratif\/","title":{"rendered":"Rentr\u00e9e 2024-2025"},"content":{"rendered":"<p>Vous pouvez t\u00e9l\u00e9charger le dossier administratif (fiche de renseignements et fiches sanitaire) ci-dessous<\/p>\n<p>\u00a0<\/p>\n\n\n<div class=\"wp-block-file\"><a href=\"https:\/\/lesenfantsduvalcottey.fr\/wp-content\/uploads\/2024\/06\/Modalites-inscriptions.docx\">Modalites-inscriptions<\/a><a href=\"https:\/\/lesenfantsduvalcottey.fr\/wp-content\/uploads\/2024\/06\/Modalites-inscriptions.docx\" class=\"wp-block-file__button\" download>T\u00e9l\u00e9charger<\/a><\/div>\n\n\n\n<div class=\"wp-block-file\"><a href=\"https:\/\/lesenfantsduvalcottey.fr\/wp-content\/uploads\/2024\/06\/Kiddiz.docx\">Kiddiz<\/a><a href=\"https:\/\/lesenfantsduvalcottey.fr\/wp-content\/uploads\/2024\/06\/Kiddiz.docx\" class=\"wp-block-file__button\" download>T\u00e9l\u00e9charger<\/a><\/div>\n\n\n\n<div class=\"wp-block-file\"><a href=\"https:\/\/lesenfantsduvalcottey.fr\/wp-content\/uploads\/2024\/06\/Dossier-admnistratif.xlsx\">Dossier-admnistratif<\/a><a href=\"https:\/\/lesenfantsduvalcottey.fr\/wp-content\/uploads\/2024\/06\/Dossier-admnistratif.xlsx\" class=\"wp-block-file__button\" download>T\u00e9l\u00e9charger<\/a><\/div>\n","protected":false},"excerpt":{"rendered":"<p>Vous pouvez t\u00e9l\u00e9charger le dossier administratif (fiche de renseignements et fiches sanitaire) ci-dessous \u00a0<\/p>\n","protected":false},"author":1,"featured_media":0,"parent":0,"menu_order":0,"comment_status":"closed","ping_status":"closed","template":"","meta":[],"_links":{"self":[{"href":"https:\/\/lesenfantsduvalcottey.fr\/index.php\/wp-json\/wp\/v2\/pages\/224"}],"collection":[{"href":"https:\/\/lesenfantsduvalcottey.fr\/index.php\/wp-json\/wp\/v2\/pages"}],"about":[{"href":"https:\/\/lesenfantsduvalcottey.fr\/index.php\/wp-json\/wp\/v2\/types\/page"}],"author":[{"embeddable":true,"href":"https:\/\/lesenfantsduvalcottey.fr\/index.php\/wp-json\/wp\/v2\/users\/1"}],"replies":[{"embeddable":true,"href":"https:\/\/lesenfantsduvalcottey.fr\/index.php\/wp-json\/wp\/v2\/comments?post=224"}],"version-history":[{"count":8,"href":"https:\/\/lesenfantsduvalcottey.fr\/index.php\/wp-json\/wp\/v2\/pages\/224\/revisions"}],"predecessor-version":[{"id":860,"href":"https:\/\/lesenfantsduvalcottey.fr\/index.php\/wp-json\/wp\/v2\/pages\/224\/revisions\/860"}],"wp:attachment":[{"href":"https:\/\/lesenfantsduvalcottey.fr\/index.php\/wp-json\/wp\/v2\/media?parent=224"}],"curies":[{"name":"wp","href":"https:\/\/api.w.org\/{rel}","templated":true}]}}